{"id":150,"date":"2025-05-21T08:46:42","date_gmt":"2025-05-21T08:46:42","guid":{"rendered":"https:\/\/radspielerindustrial.com\/?page_id=150"},"modified":"2025-05-21T09:02:29","modified_gmt":"2025-05-21T09:02:29","slug":"industrie-motoren-instandsetzung","status":"publish","type":"page","link":"https:\/\/radspielerindustrial.com\/index.php\/industrie-motoren-instandsetzung\/","title":{"rendered":"Industrie Motoren Instandsetzung"},"content":{"rendered":"\t\t<div data-elementor-type=\"wp-page\" data-elementor-id=\"150\" class=\"elementor elementor-150\">\n\t\t\t\t<div class=\"elementor-element elementor-element-09c2701 e-flex e-con-boxed e-con e-parent\" data-id=\"09c2701\" data-element_type=\"container\" data-settings=\"{&quot;background_background&quot;:&quot;classic&quot;}\">\n\t\t\t\t\t<div class=\"e-con-inner\">\n\t\t<div class=\"elementor-element elementor-element-5aefeb3 e-con-full e-flex e-con e-child\" data-id=\"5aefeb3\" data-element_type=\"container\">\n\t\t\t\t<div class=\"elementor-element elementor-element-9e40667 elementor-widget elementor-widget-spacer\" data-id=\"9e40667\" data-element_type=\"widget\" data-widget_type=\"spacer.default\">\n\t\t\t\t<div class=\"elementor-widget-container\">\n\t\t\t\t\t\t\t<div class=\"elementor-spacer\">\n\t\t\t<div class=\"elementor-spacer-inner\"><\/div>\n\t\t<\/div>\n\t\t\t\t\t\t<\/div>\n\t\t\t\t<\/div>\n\t\t\t\t<div class=\"elementor-element elementor-element-3474e5f elementor-widget elementor-widget-heading\" data-id=\"3474e5f\" data-element_type=\"widget\" data-widget_type=\"heading.default\">\n\t\t\t\t<div class=\"elementor-widget-container\">\n\t\t\t\t\t<h2 class=\"elementor-heading-title elementor-size-default\">Industrie- &amp; Gasmotoren Instandsetzung bei Radspieler Industrial<\/h2>\t\t\t\t<\/div>\n\t\t\t\t<\/div>\n\t\t\t\t<div class=\"elementor-element elementor-element-a6d9c68 elementor-widget elementor-widget-text-editor\" data-id=\"a6d9c68\" data-element_type=\"widget\" data-widget_type=\"text-editor.default\">\n\t\t\t\t<div class=\"elementor-widget-container\">\n\t\t\t\t\t\t\t\t\t<p class=\"\" data-start=\"332\" data-end=\"656\"><strong data-start=\"332\" data-end=\"370\">Zuverl\u00e4ssigkeit beginnt im Detail.<\/strong><br data-start=\"370\" data-end=\"373\" \/>Wir \u00fcberholen und warten Gasmotoren und Industriemotoren nach h\u00f6chsten technischen Standards \u2013 unabh\u00e4ngig vom Hersteller. Ob Blockheizkraftwerk, Biogasanlage oder station\u00e4re Industrieanwendung: Unsere Instandsetzung bringt Motoren wirtschaftlich und nachhaltig zur\u00fcck in den Betrieb.<\/p><p class=\"\" data-start=\"658\" data-end=\"693\"><strong data-start=\"658\" data-end=\"693\">Unsere Leistungen im \u00dcberblick:<\/strong><\/p><ul data-start=\"694\" data-end=\"1132\"><li class=\"\" data-start=\"694\" data-end=\"743\"><p class=\"\" data-start=\"696\" data-end=\"743\">Teil- und Komplett\u00fcberholungen von Gasmotoren<\/p><\/li><li class=\"\" data-start=\"744\" data-end=\"817\"><p class=\"\" data-start=\"746\" data-end=\"817\">Pr\u00fcfung und Aufbereitung von Zylinderk\u00f6pfen, Kurbelwellen und Pleueln<\/p><\/li><li class=\"\" data-start=\"818\" data-end=\"852\"><p class=\"\" data-start=\"820\" data-end=\"852\">Honen und Bohren von Zylindern<\/p><\/li><li class=\"\" data-start=\"853\" data-end=\"907\"><p class=\"\" data-start=\"855\" data-end=\"907\">Ventilsitzbearbeitung und Ventilf\u00fchrungserneuerung<\/p><\/li><li class=\"\" data-start=\"908\" data-end=\"961\"><p class=\"\" data-start=\"910\" data-end=\"961\">Erneuerung von Lagern, Dichtungen und Steuertrieb<\/p><\/li><li class=\"\" data-start=\"962\" data-end=\"1004\"><p class=\"\" data-start=\"964\" data-end=\"1004\">Pr\u00fcfen und Einstellen der Steuerzeiten<\/p><\/li><li class=\"\" data-start=\"1005\" data-end=\"1051\"><p class=\"\" data-start=\"1007\" data-end=\"1051\">Modernisierung \/ Umbauten auf Kundenwunsch<\/p><\/li><li class=\"\" data-start=\"1052\" data-end=\"1103\"><p class=\"\" data-start=\"1054\" data-end=\"1103\">Lieferung von Ersatzteilen und Verschlei\u00dfteilen<\/p><\/li><li class=\"\" data-start=\"1104\" data-end=\"1132\"><p class=\"\" data-start=\"1106\" data-end=\"1132\">Pr\u00fcfstandsl\u00e4ufe bei Bedarf<\/p><\/li><\/ul><p class=\"\" data-start=\"1134\" data-end=\"1332\"><strong data-start=\"1134\" data-end=\"1150\">Ihr Vorteil:<\/strong><br data-start=\"1150\" data-end=\"1153\" \/>Unsere Instandsetzung erfolgt mit dokumentierter Ma\u00dfhaltigkeit, klarer R\u00fccksprache und Einsatz von Industriekomponenten in OE-Qualit\u00e4t \u2013 wenn verf\u00fcgbar auch 100\u202f% Made in Germany.<\/p><p class=\"\" data-start=\"1334\" data-end=\"1432\">\ud83d\udcde Jetzt unverbindlich beraten lassen: <strong data-start=\"1373\" data-end=\"1390\">08224 9673789<\/strong><br data-start=\"1390\" data-end=\"1393\" \/>\ud83d\udce7 <strong data-start=\"1396\" data-end=\"1432\"><a class=\"cursor-pointer\" rel=\"noopener\" data-start=\"1398\" data-end=\"1430\">kontakt@radspielerindustrial.com<\/a><\/strong><\/p>\t\t\t\t\t\t\t\t<\/div>\n\t\t\t\t<\/div>\n\t\t\t\t<\/div>\n\t\t<div class=\"elementor-element elementor-element-27670fb e-con-full e-flex e-con e-child\" data-id=\"27670fb\" data-element_type=\"container\">\n\t\t\t\t<div class=\"elementor-element elementor-element-d27284d elementor-widget elementor-widget-spacer\" data-id=\"d27284d\" data-element_type=\"widget\" data-widget_type=\"spacer.default\">\n\t\t\t\t<div class=\"elementor-widget-container\">\n\t\t\t\t\t\t\t<div class=\"elementor-spacer\">\n\t\t\t<div class=\"elementor-spacer-inner\"><\/div>\n\t\t<\/div>\n\t\t\t\t\t\t<\/div>\n\t\t\t\t<\/div>\n\t\t\t\t<div class=\"elementor-element elementor-element-790c05a elementor-arrows-position-inside elementor-pagination-position-outside elementor-widget elementor-widget-image-carousel\" data-id=\"790c05a\" data-element_type=\"widget\" data-settings=\"{&quot;slides_to_show&quot;:&quot;1&quot;,&quot;navigation&quot;:&quot;both&quot;,&quot;autoplay&quot;:&quot;yes&quot;,&quot;pause_on_hover&quot;:&quot;yes&quot;,&quot;pause_on_interaction&quot;:&quot;yes&quot;,&quot;autoplay_speed&quot;:5000,&quot;infinite&quot;:&quot;yes&quot;,&quot;effect&quot;:&quot;slide&quot;,&quot;speed&quot;:500}\" data-widget_type=\"image-carousel.default\">\n\t\t\t\t<div class=\"elementor-widget-container\">\n\t\t\t\t\t\t\t<div class=\"elementor-image-carousel-wrapper swiper\" role=\"region\" aria-roledescription=\"carousel\" aria-label=\"Image Carousel\" dir=\"ltr\">\n\t\t\t<div class=\"elementor-image-carousel swiper-wrapper\" aria-live=\"off\">\n\t\t\t\t\t\t\t\t<div class=\"swiper-slide\" role=\"group\" aria-roledescription=\"slide\" aria-label=\"1 of 6\"><figure class=\"swiper-slide-inner\"><img decoding=\"async\" class=\"swiper-slide-image\" src=\"https:\/\/radspielerindustrial.com\/wp-content\/uploads\/2025\/05\/IMG_0163-Large.jpeg\" alt=\"IMG_0163-Large\" \/><\/figure><\/div><div class=\"swiper-slide\" role=\"group\" aria-roledescription=\"slide\" aria-label=\"2 of 6\"><figure class=\"swiper-slide-inner\"><img decoding=\"async\" class=\"swiper-slide-image\" src=\"https:\/\/radspielerindustrial.com\/wp-content\/uploads\/2025\/05\/IMG_0356-Large.jpeg\" alt=\"IMG_0356-Large\" \/><\/figure><\/div><div class=\"swiper-slide\" role=\"group\" aria-roledescription=\"slide\" aria-label=\"3 of 6\"><figure class=\"swiper-slide-inner\"><img decoding=\"async\" class=\"swiper-slide-image\" src=\"https:\/\/radspielerindustrial.com\/wp-content\/uploads\/2025\/05\/IMG_0371-Large.jpeg\" alt=\"IMG_0371-Large\" \/><\/figure><\/div><div class=\"swiper-slide\" role=\"group\" aria-roledescription=\"slide\" aria-label=\"4 of 6\"><figure class=\"swiper-slide-inner\"><img decoding=\"async\" class=\"swiper-slide-image\" src=\"https:\/\/radspielerindustrial.com\/wp-content\/uploads\/2025\/05\/IMG_0377-Large.jpeg\" alt=\"IMG_0377-Large\" \/><\/figure><\/div><div class=\"swiper-slide\" role=\"group\" aria-roledescription=\"slide\" aria-label=\"5 of 6\"><figure class=\"swiper-slide-inner\"><img decoding=\"async\" class=\"swiper-slide-image\" src=\"https:\/\/radspielerindustrial.com\/wp-content\/uploads\/2025\/05\/IMG_0754-Large.jpeg\" alt=\"IMG_0754-Large\" \/><\/figure><\/div><div class=\"swiper-slide\" role=\"group\" aria-roledescription=\"slide\" aria-label=\"6 of 6\"><figure class=\"swiper-slide-inner\"><img decoding=\"async\" class=\"swiper-slide-image\" src=\"https:\/\/radspielerindustrial.com\/wp-content\/uploads\/2025\/05\/IMG_0002-Large.jpeg\" alt=\"IMG_0002-Large\" \/><\/figure><\/div>\t\t\t<\/div>\n\t\t\t\t\t\t\t\t\t\t\t\t<div class=\"elementor-swiper-button elementor-swiper-button-prev\" role=\"button\" tabindex=\"0\">\n\t\t\t\t\t\t<svg aria-hidden=\"true\" class=\"e-font-icon-svg e-eicon-chevron-left\" viewBox=\"0 0 1000 1000\" xmlns=\"http:\/\/www.w3.org\/2000\/svg\"><path d=\"M646 125C629 125 613 133 604 142L308 442C296 454 292 471 292 487 292 504 296 521 308 533L604 854C617 867 629 875 646 875 663 875 679 871 692 858 704 846 713 829 713 812 713 796 708 779 692 767L438 487 692 225C700 217 708 204 708 187 708 171 704 154 692 142 675 129 663 125 646 125Z\"><\/path><\/svg>\t\t\t\t\t<\/div>\n\t\t\t\t\t<div class=\"elementor-swiper-button elementor-swiper-button-next\" role=\"button\" tabindex=\"0\">\n\t\t\t\t\t\t<svg aria-hidden=\"true\" class=\"e-font-icon-svg e-eicon-chevron-right\" viewBox=\"0 0 1000 1000\" xmlns=\"http:\/\/www.w3.org\/2000\/svg\"><path d=\"M696 533C708 521 713 504 713 487 713 471 708 454 696 446L400 146C388 133 375 125 354 125 338 125 325 129 313 142 300 154 292 171 292 187 292 204 296 221 308 233L563 492 304 771C292 783 288 800 288 817 288 833 296 850 308 863 321 871 338 875 354 875 371 875 388 867 400 854L696 533Z\"><\/path><\/svg>\t\t\t\t\t<\/div>\n\t\t\t\t\n\t\t\t\t\t\t\t\t\t<div class=\"swiper-pagination\"><\/div>\n\t\t\t\t\t\t\t\t\t<\/div>\n\t\t\t\t\t\t<\/div>\n\t\t\t\t<\/div>\n\t\t\t\t<\/div>\n\t\t\t\t\t<\/div>\n\t\t\t\t<\/div>\n\t\t<div class=\"elementor-element elementor-element-216493a e-flex e-con-boxed e-con e-parent\" data-id=\"216493a\" data-element_type=\"container\" data-settings=\"{&quot;background_background&quot;:&quot;classic&quot;}\">\n\t\t\t\t\t<div class=\"e-con-inner\">\n\t\t\t\t<div class=\"elementor-element elementor-element-60fbb39 elementor-widget elementor-widget-heading\" data-id=\"60fbb39\" data-element_type=\"widget\" data-widget_type=\"heading.default\">\n\t\t\t\t<div class=\"elementor-widget-container\">\n\t\t\t\t\t<h2 class=\"elementor-heading-title elementor-size-default\">Motorenpr\u00fcfung unter Last \u2013 auf unserem hauseigenen Pr\u00fcfstand<\/h2>\t\t\t\t<\/div>\n\t\t\t\t<\/div>\n\t\t\t\t\t<\/div>\n\t\t\t\t<\/div>\n\t\t<div class=\"elementor-element elementor-element-ab21a88 e-flex e-con-boxed e-con e-parent\" data-id=\"ab21a88\" data-element_type=\"container\" data-settings=\"{&quot;background_background&quot;:&quot;classic&quot;}\">\n\t\t\t\t\t<div class=\"e-con-inner\">\n\t\t<div class=\"elementor-element elementor-element-4b12a4b e-con-full e-flex e-con e-child\" data-id=\"4b12a4b\" data-element_type=\"container\">\n\t\t\t\t<div class=\"elementor-element elementor-element-202ab77 elementor-widget elementor-widget-image\" data-id=\"202ab77\" data-element_type=\"widget\" data-widget_type=\"image.default\">\n\t\t\t\t<div class=\"elementor-widget-container\">\n\t\t\t\t\t\t\t\t\t\t\t\t\t\t\t<img fetchpriority=\"high\" decoding=\"async\" width=\"800\" height=\"600\" src=\"https:\/\/radspielerindustrial.com\/wp-content\/uploads\/2025\/05\/IMG_0002-Large.jpeg\" class=\"attachment-large size-large wp-image-161\" alt=\"\" \/>\t\t\t\t\t\t\t\t\t\t\t\t\t\t\t<\/div>\n\t\t\t\t<\/div>\n\t\t\t\t<\/div>\n\t\t<div class=\"elementor-element elementor-element-43a0152 e-con-full e-flex e-con e-child\" data-id=\"43a0152\" data-element_type=\"container\">\n\t\t\t\t<div class=\"elementor-element elementor-element-6fcf8fd elementor-widget elementor-widget-text-editor\" data-id=\"6fcf8fd\" data-element_type=\"widget\" data-widget_type=\"text-editor.default\">\n\t\t\t\t<div class=\"elementor-widget-container\">\n\t\t\t\t\t\t\t\t\t<p class=\"\" data-start=\"426\" data-end=\"759\">Nach der Instandsetzung pr\u00fcfen wir jeden Motor auf unserem station\u00e4ren Pr\u00fcfstand \u2013 unter realit\u00e4tsnahen Lastbedingungen. So stellen wir sicher, dass Leistung, \u00d6ldruck, Temperaturverhalten und Laufkultur den technischen Vorgaben entsprechen. Erst wenn alle Messwerte passen, geben wir den Motor frei.<\/p><p class=\"\" data-start=\"761\" data-end=\"1036\">Wir dokumentieren alle relevanten Daten pr\u00e4zise und k\u00f6nnen auf Wunsch individuelle Einfahrprogramme, Simulationen oder spezielle Einstellungen umsetzen.<br data-start=\"913\" data-end=\"916\" \/>Ob Abnahme, Probelauf oder Feinjustierung \u2013 unser Pr\u00fcfstand gibt Ihnen die Gewissheit, dass Ihr Motor einsatzbereit ist.<\/p>\t\t\t\t\t\t\t\t<\/div>\n\t\t\t\t<\/div>\n\t\t\t\t<\/div>\n\t\t\t\t\t<\/div>\n\t\t\t\t<\/div>\n\t\t\t\t<\/div>\n\t\t","protected":false},"excerpt":{"rendered":"<p>Industrie- &#038; Gasmotoren Instandsetzung bei Radspieler Industrial Zuverl\u00e4ssigkeit beginnt im Detail.Wir \u00fcberholen und warten Gasmotoren und Industriemotoren nach h\u00f6chsten technischen Standards \u2013 unabh\u00e4ngig vom Hersteller. Ob Blockheizkraftwerk, Biogasanlage oder station\u00e4re Industrieanwendung: Unsere Instandsetzung bringt Motoren wirtschaftlich und nachhaltig zur\u00fcck in den Betrieb. Unsere Leistungen im \u00dcberblick: Teil- und Komplett\u00fcberholungen von Gasmotoren Pr\u00fcfung und Aufbereitung von [&hellip;]<\/p>\n","protected":false},"author":1,"featured_media":0,"parent":0,"menu_order":0,"comment_status":"closed","ping_status":"closed","template":"","meta":{"footnotes":""},"class_list":["post-150","page","type-page","status-publish","hentry"],"yoast_head":"<!-- This site is optimized with the Yoast SEO Premium plugin v25.3.1 (Yoast SEO v25.3.1) - https:\/\/yoast.com\/wordpress\/plugins\/seo\/ -->\n<title>Industrie Motoren Instandsetzung - Radspieler Industrial<\/title>\n<meta name=\"robots\" content=\"index, follow, max-snippet:-1, max-image-preview:large, max-video-preview:-1\" \/>\n<link rel=\"canonical\" href=\"https:\/\/radspielerindustrial.com\/index.php\/industrie-motoren-instandsetzung\/\" \/>\n<meta property=\"og:locale\" content=\"en_US\" \/>\n<meta property=\"og:type\" content=\"article\" \/>\n<meta property=\"og:title\" content=\"Industrie Motoren Instandsetzung\" \/>\n<meta property=\"og:description\" content=\"Industrie- &#038; Gasmotoren Instandsetzung bei Radspieler Industrial Zuverl\u00e4ssigkeit beginnt im Detail.Wir \u00fcberholen und warten Gasmotoren und Industriemotoren nach h\u00f6chsten technischen Standards \u2013 unabh\u00e4ngig vom Hersteller. Ob Blockheizkraftwerk, Biogasanlage oder station\u00e4re Industrieanwendung: Unsere Instandsetzung bringt Motoren wirtschaftlich und nachhaltig zur\u00fcck in den Betrieb. Unsere Leistungen im \u00dcberblick: Teil- und Komplett\u00fcberholungen von Gasmotoren Pr\u00fcfung und Aufbereitung von [&hellip;]\" \/>\n<meta property=\"og:url\" content=\"https:\/\/radspielerindustrial.com\/index.php\/industrie-motoren-instandsetzung\/\" \/>\n<meta property=\"og:site_name\" content=\"Radspieler Industrial\" \/>\n<meta property=\"article:modified_time\" content=\"2025-05-21T09:02:29+00:00\" \/>\n<meta property=\"og:image\" content=\"https:\/\/radspielerindustrial.com\/wp-content\/uploads\/2025\/05\/IMG_0163-Large.jpeg\" \/>\n<meta name=\"twitter:card\" content=\"summary_large_image\" \/>\n<meta name=\"twitter:label1\" content=\"Est. reading time\" \/>\n\t<meta name=\"twitter:data1\" content=\"1 minute\" \/>\n<script type=\"application\/ld+json\" class=\"yoast-schema-graph\">{\"@context\":\"https:\/\/schema.org\",\"@graph\":[{\"@type\":\"WebPage\",\"@id\":\"https:\/\/radspielerindustrial.com\/index.php\/industrie-motoren-instandsetzung\/\",\"url\":\"https:\/\/radspielerindustrial.com\/index.php\/industrie-motoren-instandsetzung\/\",\"name\":\"Industrie Motoren Instandsetzung - Radspieler Industrial\",\"isPartOf\":{\"@id\":\"https:\/\/radspielerindustrial.com\/#website\"},\"primaryImageOfPage\":{\"@id\":\"https:\/\/radspielerindustrial.com\/index.php\/industrie-motoren-instandsetzung\/#primaryimage\"},\"image\":{\"@id\":\"https:\/\/radspielerindustrial.com\/index.php\/industrie-motoren-instandsetzung\/#primaryimage\"},\"thumbnailUrl\":\"https:\/\/radspielerindustrial.com\/wp-content\/uploads\/2025\/05\/IMG_0163-Large.jpeg\",\"datePublished\":\"2025-05-21T08:46:42+00:00\",\"dateModified\":\"2025-05-21T09:02:29+00:00\",\"breadcrumb\":{\"@id\":\"https:\/\/radspielerindustrial.com\/index.php\/industrie-motoren-instandsetzung\/#breadcrumb\"},\"inLanguage\":\"en-US\",\"potentialAction\":[{\"@type\":\"ReadAction\",\"target\":[\"https:\/\/radspielerindustrial.com\/index.php\/industrie-motoren-instandsetzung\/\"]}]},{\"@type\":\"ImageObject\",\"inLanguage\":\"en-US\",\"@id\":\"https:\/\/radspielerindustrial.com\/index.php\/industrie-motoren-instandsetzung\/#primaryimage\",\"url\":\"https:\/\/radspielerindustrial.com\/wp-content\/uploads\/2025\/05\/IMG_0163-Large.jpeg\",\"contentUrl\":\"https:\/\/radspielerindustrial.com\/wp-content\/uploads\/2025\/05\/IMG_0163-Large.jpeg\",\"width\":1280,\"height\":960},{\"@type\":\"BreadcrumbList\",\"@id\":\"https:\/\/radspielerindustrial.com\/index.php\/industrie-motoren-instandsetzung\/#breadcrumb\",\"itemListElement\":[{\"@type\":\"ListItem\",\"position\":1,\"name\":\"Home\",\"item\":\"https:\/\/radspielerindustrial.com\/\"},{\"@type\":\"ListItem\",\"position\":2,\"name\":\"Industrie Motoren Instandsetzung\"}]},{\"@type\":\"WebSite\",\"@id\":\"https:\/\/radspielerindustrial.com\/#website\",\"url\":\"https:\/\/radspielerindustrial.com\/\",\"name\":\"Radspieler Industrial\",\"description\":\"\",\"publisher\":{\"@id\":\"https:\/\/radspielerindustrial.com\/#organization\"},\"potentialAction\":[{\"@type\":\"SearchAction\",\"target\":{\"@type\":\"EntryPoint\",\"urlTemplate\":\"https:\/\/radspielerindustrial.com\/?s={search_term_string}\"},\"query-input\":{\"@type\":\"PropertyValueSpecification\",\"valueRequired\":true,\"valueName\":\"search_term_string\"}}],\"inLanguage\":\"en-US\"},{\"@type\":\"Organization\",\"@id\":\"https:\/\/radspielerindustrial.com\/#organization\",\"name\":\"Radspieler Industrial\",\"url\":\"https:\/\/radspielerindustrial.com\/\",\"logo\":{\"@type\":\"ImageObject\",\"inLanguage\":\"en-US\",\"@id\":\"https:\/\/radspielerindustrial.com\/#\/schema\/logo\/image\/\",\"url\":\"https:\/\/radspielerindustrial.com\/wp-content\/uploads\/2025\/04\/black.png\",\"contentUrl\":\"https:\/\/radspielerindustrial.com\/wp-content\/uploads\/2025\/04\/black.png\",\"width\":4586,\"height\":1065,\"caption\":\"Radspieler Industrial\"},\"image\":{\"@id\":\"https:\/\/radspielerindustrial.com\/#\/schema\/logo\/image\/\"}}]}<\/script>\n<!-- \/ Yoast SEO Premium plugin. -->","yoast_head_json":{"title":"Industrie Motoren Instandsetzung - Radspieler Industrial","robots":{"index":"index","follow":"follow","max-snippet":"max-snippet:-1","max-image-preview":"max-image-preview:large","max-video-preview":"max-video-preview:-1"},"canonical":"https:\/\/radspielerindustrial.com\/index.php\/industrie-motoren-instandsetzung\/","og_locale":"en_US","og_type":"article","og_title":"Industrie Motoren Instandsetzung","og_description":"Industrie- &#038; Gasmotoren Instandsetzung bei Radspieler Industrial Zuverl\u00e4ssigkeit beginnt im Detail.Wir \u00fcberholen und warten Gasmotoren und Industriemotoren nach h\u00f6chsten technischen Standards \u2013 unabh\u00e4ngig vom Hersteller. Ob Blockheizkraftwerk, Biogasanlage oder station\u00e4re Industrieanwendung: Unsere Instandsetzung bringt Motoren wirtschaftlich und nachhaltig zur\u00fcck in den Betrieb. Unsere Leistungen im \u00dcberblick: Teil- und Komplett\u00fcberholungen von Gasmotoren Pr\u00fcfung und Aufbereitung von [&hellip;]","og_url":"https:\/\/radspielerindustrial.com\/index.php\/industrie-motoren-instandsetzung\/","og_site_name":"Radspieler Industrial","article_modified_time":"2025-05-21T09:02:29+00:00","og_image":[{"url":"https:\/\/radspielerindustrial.com\/wp-content\/uploads\/2025\/05\/IMG_0163-Large.jpeg","type":"","width":"","height":""}],"twitter_card":"summary_large_image","twitter_misc":{"Est. reading time":"1 minute"},"schema":{"@context":"https:\/\/schema.org","@graph":[{"@type":"WebPage","@id":"https:\/\/radspielerindustrial.com\/index.php\/industrie-motoren-instandsetzung\/","url":"https:\/\/radspielerindustrial.com\/index.php\/industrie-motoren-instandsetzung\/","name":"Industrie Motoren Instandsetzung - Radspieler Industrial","isPartOf":{"@id":"https:\/\/radspielerindustrial.com\/#website"},"primaryImageOfPage":{"@id":"https:\/\/radspielerindustrial.com\/index.php\/industrie-motoren-instandsetzung\/#primaryimage"},"image":{"@id":"https:\/\/radspielerindustrial.com\/index.php\/industrie-motoren-instandsetzung\/#primaryimage"},"thumbnailUrl":"https:\/\/radspielerindustrial.com\/wp-content\/uploads\/2025\/05\/IMG_0163-Large.jpeg","datePublished":"2025-05-21T08:46:42+00:00","dateModified":"2025-05-21T09:02:29+00:00","breadcrumb":{"@id":"https:\/\/radspielerindustrial.com\/index.php\/industrie-motoren-instandsetzung\/#breadcrumb"},"inLanguage":"en-US","potentialAction":[{"@type":"ReadAction","target":["https:\/\/radspielerindustrial.com\/index.php\/industrie-motoren-instandsetzung\/"]}]},{"@type":"ImageObject","inLanguage":"en-US","@id":"https:\/\/radspielerindustrial.com\/index.php\/industrie-motoren-instandsetzung\/#primaryimage","url":"https:\/\/radspielerindustrial.com\/wp-content\/uploads\/2025\/05\/IMG_0163-Large.jpeg","contentUrl":"https:\/\/radspielerindustrial.com\/wp-content\/uploads\/2025\/05\/IMG_0163-Large.jpeg","width":1280,"height":960},{"@type":"BreadcrumbList","@id":"https:\/\/radspielerindustrial.com\/index.php\/industrie-motoren-instandsetzung\/#breadcrumb","itemListElement":[{"@type":"ListItem","position":1,"name":"Home","item":"https:\/\/radspielerindustrial.com\/"},{"@type":"ListItem","position":2,"name":"Industrie Motoren Instandsetzung"}]},{"@type":"WebSite","@id":"https:\/\/radspielerindustrial.com\/#website","url":"https:\/\/radspielerindustrial.com\/","name":"Radspieler Industrial","description":"","publisher":{"@id":"https:\/\/radspielerindustrial.com\/#organization"},"potentialAction":[{"@type":"SearchAction","target":{"@type":"EntryPoint","urlTemplate":"https:\/\/radspielerindustrial.com\/?s={search_term_string}"},"query-input":{"@type":"PropertyValueSpecification","valueRequired":true,"valueName":"search_term_string"}}],"inLanguage":"en-US"},{"@type":"Organization","@id":"https:\/\/radspielerindustrial.com\/#organization","name":"Radspieler Industrial","url":"https:\/\/radspielerindustrial.com\/","logo":{"@type":"ImageObject","inLanguage":"en-US","@id":"https:\/\/radspielerindustrial.com\/#\/schema\/logo\/image\/","url":"https:\/\/radspielerindustrial.com\/wp-content\/uploads\/2025\/04\/black.png","contentUrl":"https:\/\/radspielerindustrial.com\/wp-content\/uploads\/2025\/04\/black.png","width":4586,"height":1065,"caption":"Radspieler Industrial"},"image":{"@id":"https:\/\/radspielerindustrial.com\/#\/schema\/logo\/image\/"}}]}},"_links":{"self":[{"href":"https:\/\/radspielerindustrial.com\/index.php\/wp-json\/wp\/v2\/pages\/150","targetHints":{"allow":["GET"]}}],"collection":[{"href":"https:\/\/radspielerindustrial.com\/index.php\/wp-json\/wp\/v2\/pages"}],"about":[{"href":"https:\/\/radspielerindustrial.com\/index.php\/wp-json\/wp\/v2\/types\/page"}],"author":[{"embeddable":true,"href":"https:\/\/radspielerindustrial.com\/index.php\/wp-json\/wp\/v2\/users\/1"}],"replies":[{"embeddable":true,"href":"https:\/\/radspielerindustrial.com\/index.php\/wp-json\/wp\/v2\/comments?post=150"}],"version-history":[{"count":19,"href":"https:\/\/radspielerindustrial.com\/index.php\/wp-json\/wp\/v2\/pages\/150\/revisions"}],"predecessor-version":[{"id":186,"href":"https:\/\/radspielerindustrial.com\/index.php\/wp-json\/wp\/v2\/pages\/150\/revisions\/186"}],"wp:attachment":[{"href":"https:\/\/radspielerindustrial.com\/index.php\/wp-json\/wp\/v2\/media?parent=150"}],"curies":[{"name":"wp","href":"https:\/\/api.w.org\/{rel}","templated":true}]}}